{"id":356,"date":"2015-04-23T12:57:21","date_gmt":"2015-04-23T12:57:21","guid":{"rendered":"http:\/\/demo1.wprentals.org\/?page_id=356"},"modified":"2025-02-09T10:28:44","modified_gmt":"2025-02-09T09:28:44","slug":"terms-and-conditions","status":"publish","type":"page","link":"https:\/\/www.yachtrentalpalamos.com\/index.php\/terms-and-conditions\/","title":{"rendered":"Terms and Conditions"},"content":{"rendered":"<div id=\"model-response-message-contentr_75d0f9e3a61eedfe\" class=\"markdown markdown-main-panel stronger\" dir=\"ltr\">\n<p data-sourcepos=\"3:1-3:50\"><strong>Pol\u00edtica de privacidad de Yacht Rental Palam\u00f3s<\/strong><\/p>\n<p data-sourcepos=\"5:1-5:456\">Esta Pol\u00edtica de privacidad rige la manera en que Yacht Rental Palam\u00f3s recopila, utiliza, mantiene y divulga la informaci\u00f3n recopilada de los usuarios (cada uno, un \u00abUsuario\u00bb) del sitio web <a href=\"https:\/\/www.yachtrentalpalamos.com\/index.php\/terms-and-conditions\/\" target=\"_blank\" rel=\"noopener\">https:\/\/www.yachtrentalpalamos.com <\/a>(\u00abSitio\u00bb). Esta pol\u00edtica de privacidad se aplica al Sitio y a todos los productos y servicios ofrecidos por Yacht Rental Palam\u00f3s.<\/p>\n<p data-sourcepos=\"7:1-7:48\"><strong><span class=\"citation-0\">Informaci\u00f3n de identificaci\u00f3n personal<\/span><\/strong><\/p>\n<p data-sourcepos=\"9:1-9:626\"><span class=\"citation-0 citation-end-0\">Podemos recopilar informaci\u00f3n de identificaci\u00f3n personal de los Usuarios de diversas<\/span> formas <span class=\"citation-1\">en relaci\u00f3n con las actividades, los servicios, las caracter\u00edsticas o los recursos que ponemos a disposici\u00f3n en nuestro Sitio. Los Usuarios pueden visitar nuestro Sitio de forma an\u00f3nima. Recopilaremos informaci\u00f3n de identificaci\u00f3n personal de los Usuarios solo si nos env\u00edan voluntariamente dicha informaci<\/span><span class=\"citation-1 citation-2 citation-end-1\">\u00f3n. Los Usuarios siempre pueden negarse a proporcionar informaci\u00f3n de identificaci\u00f3n<\/span><span class=\"citation-2\"> personal, excepto que esto <\/span><span class=\"citation-2 citation-3 citation-end-2\">puede impedirles participar en ciertas actividades relacionadas con el Sitio.<\/span><\/p>\n<p data-sourcepos=\"11:1-11:45\"><strong><span class=\"citation-3\">Informaci\u00f3n de identificaci\u00f3n no personal<\/span><\/strong><\/p>\n<p data-sourcepos=\"13:1-13:474\"><span class=\"citation-3 citation-4 citation-end-3\">Podemos recopilar informaci\u00f3n de identificaci\u00f3n no personal sobre<\/span><span class=\"citation-4\"> los Usuarios cada vez que interact\u00faan con nuestro <\/span><span class=\"citation-4 citation-5 citation-end-4\">Sitio. La informaci\u00f3n de identificaci\u00f3n no personal puede incluir el nombre del navegador,<\/span><span class=\"citation-5\"> el tipo de computadora <\/span><span class=\"citation-5 citation-6 citation-end-5\">e informaci\u00f3n t\u00e9cnica sobre los medios de conexi\u00f3n<\/span><span class=\"citation-6\"> de los Usuarios a nuestro <\/span><span class=\"citation-6 citation-7 citation-end-6\">Sitio, como el sistema operativo y los proveedores de servicios de Internet utilizados, y otra informaci\u00f3n similar.<\/span><\/p>\n<p data-sourcepos=\"15:1-15:29\"><strong><span class=\"citation-7\">Cookies del navegador web<\/span><\/strong><\/p>\n<p data-sourcepos=\"17:1-17:487\"><span class=\"citation-7\">Nuestro Sitio puede utilizar \u00abcookies\u00bb <\/span><span class=\"citation-7 citation-8 citation-end-7\">para mejorar la experiencia del Usuario. El navegador web del Usuario coloca cookies<\/span><span class=\"citation-8 citation-end-8\"> en su disco duro con fines de mantenimiento de registros y, a veces, para rastrear informaci\u00f3n sobre ellos. El Usuario puede elegir configurar su navegador web para<\/span> rechazar las <span class=\"citation-9\">cookies o para que le avise cuando se env\u00edan cookies. Si lo hacen, tenga en cuenta que algunas partes del Sitio pueden <\/span><span class=\"citation-9 citation-10 citation-end-9\">no funcionar correctamente.<\/span><\/p>\n<p data-sourcepos=\"19:1-19:34\"><strong><span class=\"citation-10\">C\u00f3mo protegemos su informaci\u00f3n<\/span><\/strong><\/p>\n<p data-sourcepos=\"21:1-21:354\"><span class=\"citation-10\">Adoptamos pr\u00e1cticas adecuadas de recopilaci\u00f3n, almacenamiento y procesamiento de datos y medidas de seguridad <\/span><span class=\"citation-10 citation-11 citation-end-10\">para<\/span><span class=\"citation-11\">\u00a0proteger contra el acceso no autorizado, la alteraci\u00f3n, la divulgaci\u00f3n o la destrucci\u00f3n de su informaci\u00f3n personal, nombre <\/span><span class=\"citation-11 citation-12 citation-end-11\">de usuario, contrase\u00f1a, informaci\u00f3n de transacciones<\/span><span class=\"citation-12\">\u00a0y datos almacenados en nuestro Sitio.<\/span><\/p>\n<p data-sourcepos=\"23:1-23:40\"><strong><span class=\"citation-12\">Compartiendo su informaci\u00f3n personal<\/span><\/strong><\/p>\n<p data-sourcepos=\"25:1-25:415\"><span class=\"citation-12 citation-end-12\">No vendemos, intercambiamos ni<\/span>\u00a0alquilamos <span class=\"citation-13\">informaci\u00f3n de identificaci\u00f3n personal de los Usuarios a terceros. Podemos compartir informaci\u00f3n demogr\u00e1fica agregada gen\u00e9rica no vinculada a ninguna <\/span><span class=\"citation-13 citation-14 citation-end-13\">informaci\u00f3n de identificaci\u00f3n<\/span><span class=\"citation-14\">\u00a0personal sobre los visitantes <\/span><span class=\"citation-14 citation-15 citation-end-14\">y usuarios con nuestros socios comerciales, afiliados de confianza y anunciantes para los fines descritos<\/span><span class=\"citation-15\">\u00a0anteriormente.<\/span><\/p>\n<p data-sourcepos=\"27:1-27:48\"><strong><span class=\"citation-15\">Cambios a esta pol\u00edtica de privacidad<\/span><\/strong><\/p>\n<p data-sourcepos=\"29:1-29:592\">Yacht Rental Palam\u00f3s tiene la <span class=\"citation-16\">discreci\u00f3n de actualizar esta pol\u00edtica de privacidad en cualquier momento. Cuando lo <\/span><span class=\"citation-16 citation-17 citation-end-16\">hagamos, revisaremos la fecha de actualizaci\u00f3n<\/span><span class=\"citation-17 citation-end-17\">\u00a0en la parte inferior de esta p\u00e1gina. Alentamos a los Usuarios a que revisen con frecuencia esta p\u00e1gina<\/span>\u00a0para detectar cualquier cambio y mantenerse informados <span class=\"citation-18\">sobre c\u00f3mo estamos ayudando a proteger la informaci\u00f3n personal que recopilamos. Usted reconoce y acepta que es <\/span><span class=\"citation-18 citation-19 citation-end-18\">su responsabilidad revisar<\/span><span class=\"citation-19\">\u00a0esta pol\u00edtica de privacidad peri\u00f3dicamente y tomar conocimiento de las modificaciones.<\/span><\/p>\n<p data-sourcepos=\"31:1-31:35\"><strong><span class=\"citation-19\">Su aceptaci\u00f3n de estos t\u00e9rminos<\/span><\/strong><\/p>\n<p data-sourcepos=\"33:1-33:304\"><span class=\"citation-19 citation-end-19\">Al utilizar este Sitio, usted<\/span>\u00a0expresa <span class=\"citation-20\">su aceptaci\u00f3n de esta pol\u00edtica. Si no est\u00e1 de acuerdo con esta pol\u00edtica, <\/span><span class=\"citation-20 citation-21 citation-end-20\">no utilice nuestro Sitio. Su uso continuado del Sitio despu\u00e9s de la publicaci\u00f3n<\/span><span class=\"citation-21 citation-end-21\">\u00a0de cambios en esta pol\u00edtica se considerar\u00e1 su aceptaci\u00f3n de dichos<\/span>\u00a0cambios.<\/p>\n<\/div>\n","protected":false},"excerpt":{"rendered":"<p>Pol\u00edtica de privacidad de Yacht Rental Palam\u00f3s Esta Pol\u00edtica de privacidad rige la manera en que Yacht Rental Palam\u00f3s recopila, utiliza, mantiene y divulga la informaci\u00f3n recopilada de los usuarios (cada uno, un \u00abUsuario\u00bb) del sitio web https:\/\/www.yachtrentalpalamos.com (\u00abSitio\u00bb). Esta pol\u00edtica de privacidad se aplica al Sitio y a todos los productos y servicios ofrecidos &#8230;<\/p>\n","protected":false},"author":1,"featured_media":0,"parent":0,"menu_order":0,"comment_status":"open","ping_status":"open","template":"terms_conditions.php","meta":{"footnotes":""},"class_list":["post-356","page","type-page","status-publish","hentry"],"aioseo_notices":[],"_links":{"self":[{"href":"https:\/\/www.yachtrentalpalamos.com\/index.php\/wp-json\/wp\/v2\/pages\/356","targetHints":{"allow":["GET"]}}],"collection":[{"href":"https:\/\/www.yachtrentalpalamos.com\/index.php\/wp-json\/wp\/v2\/pages"}],"about":[{"href":"https:\/\/www.yachtrentalpalamos.com\/index.php\/wp-json\/wp\/v2\/types\/page"}],"author":[{"embeddable":true,"href":"https:\/\/www.yachtrentalpalamos.com\/index.php\/wp-json\/wp\/v2\/users\/1"}],"replies":[{"embeddable":true,"href":"https:\/\/www.yachtrentalpalamos.com\/index.php\/wp-json\/wp\/v2\/comments?post=356"}],"version-history":[{"count":0,"href":"https:\/\/www.yachtrentalpalamos.com\/index.php\/wp-json\/wp\/v2\/pages\/356\/revisions"}],"wp:attachment":[{"href":"https:\/\/www.yachtrentalpalamos.com\/index.php\/wp-json\/wp\/v2\/media?parent=356"}],"curies":[{"name":"wp","href":"https:\/\/api.w.org\/{rel}","templated":true}]}}